{"id":674,"date":"2015-03-14T21:59:52","date_gmt":"2015-03-14T19:59:52","guid":{"rendered":"http:\/\/www.ervastinkyla.fi\/?page_id=674"},"modified":"2022-01-31T18:46:26","modified_gmt":"2022-01-31T16:46:26","slug":"kylatalo","status":"publish","type":"page","link":"https:\/\/www.warjakkalaiset.fi\/?page_id=674","title":{"rendered":"Kyl\u00e4talo"},"content":{"rendered":"<p><a href=\"https:\/\/www.warjakkalaiset.fi\/wp-content\/uploads\/2015\/03\/kylatalo.jpg\"><img loading=\"lazy\" class=\"alignnone size-medium wp-image-675 aligncenter\" src=\"https:\/\/www.warjakkalaiset.fi\/wp-content\/uploads\/2015\/03\/kylatalo-300x117.jpg\" alt=\"kylatalo\" width=\"300\" height=\"117\" srcset=\"https:\/\/www.warjakkalaiset.fi\/wp-content\/uploads\/2015\/03\/kylatalo-300x117.jpg 300w, https:\/\/www.warjakkalaiset.fi\/wp-content\/uploads\/2015\/03\/kylatalo.jpg 1000w\" sizes=\"(max-width: 300px) 100vw, 300px\" \/><\/a><\/p>\n<p>Warjakkalaiset ry kyl\u00e4yhdistyksen hallitus kokoontuu usein Oulunsalon Kyl\u00e4talolla. Lis\u00e4ksi suuri osa kyl\u00e4yhdistyksen tapahtumista j\u00e4rjestet\u00e4\u00e4n Kyl\u00e4talolla. Kyl\u00e4talo sijaitsee osoitteessa Helasentie 13 ja on my\u00f6s vapaasti vuokrattavissa erilaisten yksityistilaisuuksien j\u00e4rjest\u00e4mist\u00e4 varten. Tervetuloa tutustumaan!<\/p>\n<p>Lis\u00e4tietoja (mm. vuokrausohjeet):\u00a0 \u00a0<a href=\"http:\/\/www.oulunsalonkylatalo.net\/\" target=\"_blank\" rel=\"noopener\">http:\/\/www.oulunsalonkylatalo.net\/<\/a><\/p>\n","protected":false},"excerpt":{"rendered":"<p>Warjakkalaiset ry kyl\u00e4yhdistyksen hallitus kokoontuu usein Oulunsalon Kyl\u00e4talolla. Lis\u00e4ksi suuri osa kyl\u00e4yhdistyksen tapahtumista j\u00e4rjestet\u00e4\u00e4n Kyl\u00e4talolla. Kyl\u00e4talo sijaitsee osoitteessa Helasentie 13 ja on my\u00f6s vapaasti vuokrattavissa erilaisten yksityistilaisuuksien j\u00e4rjest\u00e4mist\u00e4 varten. Tervetuloa tutustumaan! Lis\u00e4tietoja (mm. vuokrausohjeet):\u00a0 \u00a0http:\/\/www.oulunsalonkylatalo.net\/<\/p>\n","protected":false},"author":2,"featured_media":0,"parent":0,"menu_order":0,"comment_status":"closed","ping_status":"closed","template":"","meta":[],"_links":{"self":[{"href":"https:\/\/www.warjakkalaiset.fi\/index.php?rest_route=\/wp\/v2\/pages\/674"}],"collection":[{"href":"https:\/\/www.warjakkalaiset.fi\/index.php?rest_route=\/wp\/v2\/pages"}],"about":[{"href":"https:\/\/www.warjakkalaiset.fi\/index.php?rest_route=\/wp\/v2\/types\/page"}],"author":[{"embeddable":true,"href":"https:\/\/www.warjakkalaiset.fi\/index.php?rest_route=\/wp\/v2\/users\/2"}],"replies":[{"embeddable":true,"href":"https:\/\/www.warjakkalaiset.fi\/index.php?rest_route=%2Fwp%2Fv2%2Fcomments&post=674"}],"version-history":[{"count":5,"href":"https:\/\/www.warjakkalaiset.fi\/index.php?rest_route=\/wp\/v2\/pages\/674\/revisions"}],"predecessor-version":[{"id":1542,"href":"https:\/\/www.warjakkalaiset.fi\/index.php?rest_route=\/wp\/v2\/pages\/674\/revisions\/1542"}],"wp:attachment":[{"href":"https:\/\/www.warjakkalaiset.fi\/index.php?rest_route=%2Fwp%2Fv2%2Fmedia&parent=674"}],"curies":[{"name":"wp","href":"https:\/\/api.w.org\/{rel}","templated":true}]}}