{"id":2505,"date":"2025-03-21T21:03:31","date_gmt":"2025-03-21T19:03:31","guid":{"rendered":"https:\/\/www.warjakkalaiset.fi\/?page_id=2505"},"modified":"2025-06-05T11:20:22","modified_gmt":"2025-06-05T08:20:22","slug":"biohiiletin","status":"publish","type":"page","link":"https:\/\/www.warjakkalaiset.fi\/?page_id=2505","title":{"rendered":"Biohiiletin"},"content":{"rendered":"<div class=\"wp-block-image\">\n<figure class=\"aligncenter size-full\"><a href=\"https:\/\/www.warjakkalaiset.fi\/wp-content\/uploads\/2025\/06\/biohiiletin.png\"><img loading=\"lazy\" width=\"304\" height=\"540\" src=\"https:\/\/www.warjakkalaiset.fi\/wp-content\/uploads\/2025\/06\/biohiiletin.png\" alt=\"\" class=\"wp-image-2587\" srcset=\"https:\/\/www.warjakkalaiset.fi\/wp-content\/uploads\/2025\/06\/biohiiletin.png 304w, https:\/\/www.warjakkalaiset.fi\/wp-content\/uploads\/2025\/06\/biohiiletin-169x300.png 169w\" sizes=\"(max-width: 304px) 100vw, 304px\" \/><\/a><\/figure><\/div>\n\n\n<p>Kyl\u00e4yhdistys on hankkinut <strong>Kotikaski-biohiilettimen<\/strong>. Lis\u00e4tietoa hiilettimest\u00e4 l\u00f6yd\u00e4t <a href=\"https:\/\/www.innovaatiopalvelu.fi\/hiilettimet\/\" data-type=\"URL\" data-id=\"https:\/\/www.innovaatiopalvelu.fi\/hiilettimet\/\">t\u00e4\u00e4lt\u00e4<\/a>. <\/p>\n\n\n\n<p>Kyl\u00e4yhdistys vuokraa hiiletint\u00e4 kyl\u00e4yhdistyksen j\u00e4senille hintaan<\/p>\n\n\n\n<ul><li> 10 \u20ac \/ vrk tai <\/li><\/ul>\n\n\n\n<ul><li>20 \u20ac \/ viikonloppu (pe-su)<\/li><\/ul>\n\n\n\n<p><strong>Vuokrausohjeet:<\/strong><\/p>\n\n\n\n<ul><li>L\u00e4het\u00e4 yhteystietosi ja tiedot toivomastasi vuokra-ajasta s\u00e4hk\u00f6postilla osoitteeseen <strong><em>biohiiletin(at)warjakkalaiset.fi <\/em><\/strong><\/li><li>Odota kuittausta (vastaamme n. 2 vrk:n sis\u00e4ll\u00e4, usein nopeamminkin) ja maksa sen j\u00e4lkeen vuokrasumma Warjakkalaiset ry:n tilille&nbsp;<strong>FI06 5740 2720 0501 78<\/strong>. Viestikentt\u00e4\u00e4n BIOHIILETTIMEN VUOKRA ja vuokra-aika.<\/li><li>Saat nouto-ohjeet s\u00e4hk\u00f6postilla. Hiiletin sijaitsee Warjakassa ja se mahtuu esim. pieneen per\u00e4k\u00e4rryyn.<\/li><li>K\u00e4yt\u00f6n j\u00e4lkeen palauta biohiiletin puhtaaksi huuhdeltuna takaisin noutopaikkaan.<\/li><\/ul>\n\n\n\n<figure class=\"wp-block-image size-large\"><a href=\"https:\/\/www.warjakkalaiset.fi\/wp-content\/uploads\/2025\/03\/coal-scaled.jpg\"><img loading=\"lazy\" width=\"1024\" height=\"347\" src=\"https:\/\/www.warjakkalaiset.fi\/wp-content\/uploads\/2025\/03\/coal-1024x347.jpg\" alt=\"\" class=\"wp-image-2515\" srcset=\"https:\/\/www.warjakkalaiset.fi\/wp-content\/uploads\/2025\/03\/coal-1024x347.jpg 1024w, https:\/\/www.warjakkalaiset.fi\/wp-content\/uploads\/2025\/03\/coal-300x102.jpg 300w, https:\/\/www.warjakkalaiset.fi\/wp-content\/uploads\/2025\/03\/coal-768x260.jpg 768w, https:\/\/www.warjakkalaiset.fi\/wp-content\/uploads\/2025\/03\/coal-1536x520.jpg 1536w, https:\/\/www.warjakkalaiset.fi\/wp-content\/uploads\/2025\/03\/coal-2048x693.jpg 2048w, https:\/\/www.warjakkalaiset.fi\/wp-content\/uploads\/2025\/03\/coal-1320x447.jpg 1320w\" sizes=\"(max-width: 1024px) 100vw, 1024px\" \/><\/a><\/figure>\n\n\n\n<p><strong>Lis\u00e4tietoja<\/strong> biohiilen valmistuksesta ja hy\u00f6dyist\u00e4 l\u00f6yd\u00e4t mm.:<\/p>\n\n\n\n<p><a href=\"https:\/\/www.innovaatiopalvelu.fi\/biohiili-ja-kaytto\/\" data-type=\"URL\" data-id=\"https:\/\/www.innovaatiopalvelu.fi\/biohiili-ja-kaytto\/\">https:\/\/www.innovaatiopalvelu.fi\/biohiili-ja-kaytto\/<\/a><\/p>\n\n\n\n<p><a href=\"https:\/\/www.meillakotona.fi\/artikkelit\/biohiili\">https:\/\/www.meillakotona.fi\/artikkelit\/biohiili<\/a><\/p>\n\n\n\n<p><a href=\"https:\/\/hyotykasviyhdistys.fi\/puutarhatieto\/biohiilen-kaytto\/\" data-type=\"URL\" data-id=\"https:\/\/hyotykasviyhdistys.fi\/puutarhatieto\/biohiilen-kaytto\/\">https:\/\/hyotykasviyhdistys.fi\/puutarhatieto\/biohiilen-kaytto\/<\/a><\/p>\n\n\n\n<p><\/p>\n","protected":false},"excerpt":{"rendered":"<p>Kyl\u00e4yhdistys on hankkinut Kotikaski-biohiilettimen. Lis\u00e4tietoa hiilettimest\u00e4 l\u00f6yd\u00e4t t\u00e4\u00e4lt\u00e4. Kyl\u00e4yhdistys vuokraa hiiletint\u00e4 kyl\u00e4yhdistyksen j\u00e4senille hintaan 10 \u20ac \/ vrk tai 20 \u20ac \/ viikonloppu (pe-su) Vuokrausohjeet: L\u00e4het\u00e4 yhteystietosi ja tiedot toivomastasi vuokra-ajasta s\u00e4hk\u00f6postilla osoitteeseen biohiiletin(at)warjakkalaiset.fi Odota kuittausta (vastaamme n. 2 vrk:n &hellip; <a href=\"https:\/\/www.warjakkalaiset.fi\/?page_id=2505\">Lue loppuun <span class=\"meta-nav\">&rarr;<\/span><\/a><\/p>\n","protected":false},"author":2,"featured_media":0,"parent":0,"menu_order":0,"comment_status":"closed","ping_status":"closed","template":"","meta":[],"_links":{"self":[{"href":"https:\/\/www.warjakkalaiset.fi\/index.php?rest_route=\/wp\/v2\/pages\/2505"}],"collection":[{"href":"https:\/\/www.warjakkalaiset.fi\/index.php?rest_route=\/wp\/v2\/pages"}],"about":[{"href":"https:\/\/www.warjakkalaiset.fi\/index.php?rest_route=\/wp\/v2\/types\/page"}],"author":[{"embeddable":true,"href":"https:\/\/www.warjakkalaiset.fi\/index.php?rest_route=\/wp\/v2\/users\/2"}],"replies":[{"embeddable":true,"href":"https:\/\/www.warjakkalaiset.fi\/index.php?rest_route=%2Fwp%2Fv2%2Fcomments&post=2505"}],"version-history":[{"count":10,"href":"https:\/\/www.warjakkalaiset.fi\/index.php?rest_route=\/wp\/v2\/pages\/2505\/revisions"}],"predecessor-version":[{"id":2589,"href":"https:\/\/www.warjakkalaiset.fi\/index.php?rest_route=\/wp\/v2\/pages\/2505\/revisions\/2589"}],"wp:attachment":[{"href":"https:\/\/www.warjakkalaiset.fi\/index.php?rest_route=%2Fwp%2Fv2%2Fmedia&parent=2505"}],"curies":[{"name":"wp","href":"https:\/\/api.w.org\/{rel}","templated":true}]}}