{"id":2147,"date":"2024-01-10T21:51:53","date_gmt":"2024-01-10T19:51:53","guid":{"rendered":"https:\/\/www.warjakkalaiset.fi\/?page_id=2147"},"modified":"2025-02-08T22:00:39","modified_gmt":"2025-02-08T20:00:39","slug":"hallitus-2024","status":"publish","type":"page","link":"https:\/\/www.warjakkalaiset.fi\/?page_id=2147","title":{"rendered":"Yhteystiedot"},"content":{"rendered":"\n<p><strong>Hallitus 2025<\/strong><\/p>\n\n\n\n<figure class=\"wp-block-table is-style-stripes\"><table class=\"has-fixed-layout\"><thead><tr><th>Nimi<\/th><th> <\/th><th>Puhelinnumero<\/th><\/tr><\/thead><tbody><tr><td>Mirja Vahera<\/td><td>Puheenjohtaja<\/td><td>044 520 9288<\/td><\/tr><tr><td>Mirja S\u00e4kkinen<\/td><td>VPJ, Rahastonhoitaja<\/td><td>040 503 5279<\/td><\/tr><tr><td>Kristiina Valtanen<\/td><td>Sihteeri<\/td><td>0400 615 196<\/td><\/tr><tr><td>Jenni Vuorjoki<\/td><td>Tiedottaja<\/td><td>050 366 9410<\/td><\/tr><tr><td>Teija Ervasti<\/td><td>J\u00e4sen<\/td><td>040 846 7419<\/td><\/tr><tr><td>Kirsi Helanen<\/td><td>J\u00e4sen<\/td><td>050 556 3100<\/td><\/tr><tr><td>Eira Saloranta<\/td><td>J\u00e4sen<\/td><td>040 837 0038<\/td><\/tr><tr><td>Tarja Sarkkinen<\/td><td>J\u00e4sen<\/td><td><\/td><\/tr><tr><td>Minna Sirvi\u00f6<\/td><td>J\u00e4sen<\/td><td><\/td><\/tr><tr><td>Tanja Sova-Kurtti<\/td><td>J\u00e4sen<\/td><td><\/td><\/tr><\/tbody><\/table><\/figure>\n\n\n\n<p class=\"has-text-align-center has-blue-color has-light-gray-background-color has-text-color has-background has-medium-font-size\"><strong>Hallitukselle voit l\u00e4hett\u00e4\u00e4 s\u00e4hk\u00f6postia osoitteeseen hallitus@warjakkalaiset.fi<\/strong><\/p>\n\n\n\n<p><strong>Yhdistyksen&nbsp;tilinumero<\/strong>: <strong>FI06 5740 2720 0501 78<\/strong> (saaja Warjakkalaiset ry)<\/p>\n","protected":false},"excerpt":{"rendered":"<p>Hallitus 2025 Nimi Puhelinnumero Mirja Vahera Puheenjohtaja 044 520 9288 Mirja S\u00e4kkinen VPJ, Rahastonhoitaja 040 503 5279 Kristiina Valtanen Sihteeri 0400 615 196 Jenni Vuorjoki Tiedottaja 050 366 9410 Teija Ervasti J\u00e4sen 040 846 7419 Kirsi Helanen J\u00e4sen 050 556 &hellip; <a href=\"https:\/\/www.warjakkalaiset.fi\/?page_id=2147\">Lue loppuun <span class=\"meta-nav\">&rarr;<\/span><\/a><\/p>\n","protected":false},"author":2,"featured_media":0,"parent":0,"menu_order":0,"comment_status":"closed","ping_status":"closed","template":"","meta":[],"_links":{"self":[{"href":"https:\/\/www.warjakkalaiset.fi\/index.php?rest_route=\/wp\/v2\/pages\/2147"}],"collection":[{"href":"https:\/\/www.warjakkalaiset.fi\/index.php?rest_route=\/wp\/v2\/pages"}],"about":[{"href":"https:\/\/www.warjakkalaiset.fi\/index.php?rest_route=\/wp\/v2\/types\/page"}],"author":[{"embeddable":true,"href":"https:\/\/www.warjakkalaiset.fi\/index.php?rest_route=\/wp\/v2\/users\/2"}],"replies":[{"embeddable":true,"href":"https:\/\/www.warjakkalaiset.fi\/index.php?rest_route=%2Fwp%2Fv2%2Fcomments&post=2147"}],"version-history":[{"count":5,"href":"https:\/\/www.warjakkalaiset.fi\/index.php?rest_route=\/wp\/v2\/pages\/2147\/revisions"}],"predecessor-version":[{"id":2480,"href":"https:\/\/www.warjakkalaiset.fi\/index.php?rest_route=\/wp\/v2\/pages\/2147\/revisions\/2480"}],"wp:attachment":[{"href":"https:\/\/www.warjakkalaiset.fi\/index.php?rest_route=%2Fwp%2Fv2%2Fmedia&parent=2147"}],"curies":[{"name":"wp","href":"https:\/\/api.w.org\/{rel}","templated":true}]}}