{"id":1860,"date":"2023-01-25T20:43:49","date_gmt":"2023-01-25T18:43:49","guid":{"rendered":"https:\/\/www.warjakkalaiset.fi\/?page_id=1860"},"modified":"2023-02-03T00:40:52","modified_gmt":"2023-02-02T22:40:52","slug":"hallitus-2023","status":"publish","type":"page","link":"https:\/\/www.warjakkalaiset.fi\/?page_id=1860","title":{"rendered":"Hallitus 2023"},"content":{"rendered":"\n<figure class=\"wp-block-table is-style-stripes\"><table class=\"has-fixed-layout\"><thead><tr><th>Nimi<\/th><th> <\/th><th>Puhelinnumero<\/th><\/tr><\/thead><tbody><tr><td>Kirsi Helanen<\/td><td>Puheenjohtaja<\/td><td>050 556 3100<\/td><\/tr><tr><td>Tanja R\u00e5man<\/td><td>Varapuheenjohtaja<\/td><td>044 981 7348<\/td><\/tr><tr><td>Kristiina Valtanen<\/td><td>Sihteeri<\/td><td>0400 615 196<\/td><\/tr><tr><td>Jenni Vuorjoki<\/td><td>Tiedottaja<\/td><td>050 366 9410<\/td><\/tr><tr><td>Teija Ervasti<\/td><td>Rahastonhoitaja<\/td><td>040 846 7419<\/td><\/tr><tr><td>Eira Saloranta<\/td><td>J\u00e4sen<\/td><td>040 837 0038<\/td><\/tr><tr><td>Tanja Sova-Kurtti<\/td><td>J\u00e4sen<\/td><td>044 327 9166<\/td><\/tr><tr><td>Mirja S\u00e4kkinen<\/td><td>J\u00e4sen<\/td><td>040 503 5279<\/td><\/tr><tr><td>Tapani Ulander<\/td><td>J\u00e4sen<\/td><td>0400 290 698<\/td><\/tr><tr><td>Mirja Vahera<\/td><td>J\u00e4sen<\/td><td>044 520 9288<\/td><\/tr><\/tbody><\/table><\/figure>\n\n\n\n<p class=\"has-text-align-center has-blue-color has-light-gray-background-color has-text-color has-background has-medium-font-size\"><strong>Hallitukselle voit l\u00e4hett\u00e4\u00e4 s\u00e4hk\u00f6postia osoitteeseen hallitus@warjakkalaiset.fi<\/strong><\/p>\n","protected":false},"excerpt":{"rendered":"<p>Nimi Puhelinnumero Kirsi Helanen Puheenjohtaja 050 556 3100 Tanja R\u00e5man Varapuheenjohtaja 044 981 7348 Kristiina Valtanen Sihteeri 0400 615 196 Jenni Vuorjoki Tiedottaja 050 366 9410 Teija Ervasti Rahastonhoitaja 040 846 7419 Eira Saloranta J\u00e4sen 040 837 0038 Tanja Sova-Kurtti &hellip; <a href=\"https:\/\/www.warjakkalaiset.fi\/?page_id=1860\">Lue loppuun <span class=\"meta-nav\">&rarr;<\/span><\/a><\/p>\n","protected":false},"author":2,"featured_media":0,"parent":0,"menu_order":0,"comment_status":"closed","ping_status":"closed","template":"","meta":[],"_links":{"self":[{"href":"https:\/\/www.warjakkalaiset.fi\/index.php?rest_route=\/wp\/v2\/pages\/1860"}],"collection":[{"href":"https:\/\/www.warjakkalaiset.fi\/index.php?rest_route=\/wp\/v2\/pages"}],"about":[{"href":"https:\/\/www.warjakkalaiset.fi\/index.php?rest_route=\/wp\/v2\/types\/page"}],"author":[{"embeddable":true,"href":"https:\/\/www.warjakkalaiset.fi\/index.php?rest_route=\/wp\/v2\/users\/2"}],"replies":[{"embeddable":true,"href":"https:\/\/www.warjakkalaiset.fi\/index.php?rest_route=%2Fwp%2Fv2%2Fcomments&post=1860"}],"version-history":[{"count":3,"href":"https:\/\/www.warjakkalaiset.fi\/index.php?rest_route=\/wp\/v2\/pages\/1860\/revisions"}],"predecessor-version":[{"id":1875,"href":"https:\/\/www.warjakkalaiset.fi\/index.php?rest_route=\/wp\/v2\/pages\/1860\/revisions\/1875"}],"wp:attachment":[{"href":"https:\/\/www.warjakkalaiset.fi\/index.php?rest_route=%2Fwp%2Fv2%2Fmedia&parent=1860"}],"curies":[{"name":"wp","href":"https:\/\/api.w.org\/{rel}","templated":true}]}}