{"id":1143,"date":"2018-05-05T12:03:52","date_gmt":"2018-05-05T09:03:52","guid":{"rendered":"http:\/\/www.ervastinkyla.fi\/?page_id=1143"},"modified":"2019-05-31T11:01:55","modified_gmt":"2019-05-31T08:01:55","slug":"toimintavuosi-2018","status":"publish","type":"page","link":"https:\/\/www.warjakkalaiset.fi\/?page_id=1143","title":{"rendered":"Toimintavuosi 2018"},"content":{"rendered":"<p>Lataa t\u00e4st\u00e4 linkist\u00e4 <a href=\"https:\/\/www.warjakkalaiset.fi\/wp-content\/uploads\/2018\/05\/Ervastinkyl\u00e4n-kyl\u00e4yhdistyksen-kev\u00e4tkokouksen-p\u00f6yt\u00e4kirja-25.4.2018.doc\">Ervastinkyl\u00e4n kyl\u00e4yhdistyksen kev\u00e4tkokouksen p\u00f6yt\u00e4kirja 25.4.2018<\/a>\u00a0<a href=\"https:\/\/www.warjakkalaiset.fi\/wp-content\/uploads\/2017\/06\/Ervastinkyl\u00e4n-kyl\u00e4yhdistyksen-kev\u00e4tkokouksen-p\u00f6yt\u00e4kirja-3.5.2017.doc\"><br \/>\n<\/a><\/p>\n<p>Ja <a href=\"https:\/\/www.warjakkalaiset.fi\/wp-content\/uploads\/2019\/05\/Ervastinkyl\u00e4n-kyl\u00e4yhdistyksen-syyskokouksen-p\u00f6yt\u00e4kirja-21.11.2018.doc\">t\u00e4st\u00e4<\/a> l\u00f6yd\u00e4t syyskokouksen p\u00f6yt\u00e4kirjan.<a href=\"https:\/\/www.warjakkalaiset.fi\/wp-content\/uploads\/2017\/06\/Ervastinkyl\u00e4n-kyl\u00e4yhdistyksen-syyskokouksen-p\u00f6yt\u00e4kirja-22.11.2017.doc\"><br \/>\n<\/a><\/p>\n","protected":false},"excerpt":{"rendered":"<p>Lataa t\u00e4st\u00e4 linkist\u00e4 Ervastinkyl\u00e4n kyl\u00e4yhdistyksen kev\u00e4tkokouksen p\u00f6yt\u00e4kirja 25.4.2018\u00a0 Ja t\u00e4st\u00e4 l\u00f6yd\u00e4t syyskokouksen p\u00f6yt\u00e4kirjan.<\/p>\n","protected":false},"author":2,"featured_media":0,"parent":0,"menu_order":0,"comment_status":"closed","ping_status":"closed","template":"","meta":[],"_links":{"self":[{"href":"https:\/\/www.warjakkalaiset.fi\/index.php?rest_route=\/wp\/v2\/pages\/1143"}],"collection":[{"href":"https:\/\/www.warjakkalaiset.fi\/index.php?rest_route=\/wp\/v2\/pages"}],"about":[{"href":"https:\/\/www.warjakkalaiset.fi\/index.php?rest_route=\/wp\/v2\/types\/page"}],"author":[{"embeddable":true,"href":"https:\/\/www.warjakkalaiset.fi\/index.php?rest_route=\/wp\/v2\/users\/2"}],"replies":[{"embeddable":true,"href":"https:\/\/www.warjakkalaiset.fi\/index.php?rest_route=%2Fwp%2Fv2%2Fcomments&post=1143"}],"version-history":[{"count":4,"href":"https:\/\/www.warjakkalaiset.fi\/index.php?rest_route=\/wp\/v2\/pages\/1143\/revisions"}],"predecessor-version":[{"id":1252,"href":"https:\/\/www.warjakkalaiset.fi\/index.php?rest_route=\/wp\/v2\/pages\/1143\/revisions\/1252"}],"wp:attachment":[{"href":"https:\/\/www.warjakkalaiset.fi\/index.php?rest_route=%2Fwp%2Fv2%2Fmedia&parent=1143"}],"curies":[{"name":"wp","href":"https:\/\/api.w.org\/{rel}","templated":true}]}}